{"id":389,"date":"2025-09-29T21:24:23","date_gmt":"2025-09-30T00:24:23","guid":{"rendered":"https:\/\/spira.ime.usp.br\/?page_id=389"},"modified":"2025-09-29T21:24:24","modified_gmt":"2025-09-30T00:24:24","slug":"sobre-o-projeto-2","status":"publish","type":"page","link":"https:\/\/spira.ime.usp.br\/en\/sobre-o-projeto-2\/","title":{"rendered":"About the Project"},"content":{"rendered":"<p>O projeto SPIRA-BM busca desenvolver tecnologias inovadoras para a identifica\u00e7\u00e3o de biomarcadores de condi\u00e7\u00f5es respirat\u00f3rias por meio da an\u00e1lise de \u00e1udio. A proposta alia ci\u00eancia de dados, engenharia de software, fon\u00e9tica ac\u00fastica e conhecimentos cl\u00ednicos para criar solu\u00e7\u00f5es pr\u00e1ticas e acess\u00edveis, com potencial de impacto direto no cuidado com a sa\u00fade respirat\u00f3ria da popula\u00e7\u00e3o brasileira. A meta \u00e9 simples e ambiciosa ao mesmo tempo: transformar sons da respira\u00e7\u00e3o e da fala em indicadores confi\u00e1veis de doen\u00e7as como insufici\u00eancia respirat\u00f3ria, asma grave e efeitos do tabagismo. <\/p>\n\n\n\n<p>A pesquisa est\u00e1 estruturada em duas grandes fases. A primeira envolve o desenvolvimento de sistemas m\u00f3veis capazes de coletar, processar e analisar sinais de \u00e1udio por meio de t\u00e9cnicas avan\u00e7adas de intelig\u00eancia artificial e aprendizado de m\u00e1quina. J\u00e1 a segunda fase visa testar essas solu\u00e7\u00f5es em ambientes cl\u00ednicos reais, validando sua efic\u00e1cia no acompanhamento de pacientes. O uso da voz como ferramenta diagn\u00f3stica abre novas possibilidades para o monitoramento remoto e cont\u00ednuo da sa\u00fade, com \u00eanfase em acessibilidade, baixo custo e escalabilidade. <\/p>\n\n\n\n<p>O SPIRA-BM \u00e9 uma evolu\u00e7\u00e3o do projeto anterior SPIRA (FAPESP, 2020\/06443-5), que demonstrou, ainda no in\u00edcio da pandemia de COVID-19, a viabilidade da detec\u00e7\u00e3o de insufici\u00eancia respirat\u00f3ria por \u00e1udio captado via dispositivos m\u00f3veis. Agora, com uma equipe multidisciplinar ampliada, o foco se estende para desafios ainda mais complexos. A abordagem do projeto combina tr\u00eas linhas de pesquisa voltadas \u00e0s condi\u00e7\u00f5es respirat\u00f3rias priorit\u00e1rias, organizadas em quatro eixos de atua\u00e7\u00e3o \u2014 coleta de dados, engenharia de software, an\u00e1lise ac\u00fastica e modelagem computacional \u2014 refletindo o esfor\u00e7o conjunto entre ci\u00eancia, tecnologia e sa\u00fade p\u00fablica.<\/p>","protected":false},"excerpt":{"rendered":"<p>O projeto SPIRA-BM busca desenvolver tecnologias inovadoras para a identifica\u00e7\u00e3o de biomarcadores de condi\u00e7\u00f5es respirat\u00f3rias por meio da<\/p>","protected":false},"author":1,"featured_media":0,"parent":0,"menu_order":0,"comment_status":"closed","ping_status":"closed","template":"","meta":{"footnotes":""},"class_list":["post-389","page","type-page","status-publish","hentry"],"_links":{"self":[{"href":"https:\/\/spira.ime.usp.br\/en\/wp-json\/wp\/v2\/pages\/389","targetHints":{"allow":["GET"]}}],"collection":[{"href":"https:\/\/spira.ime.usp.br\/en\/wp-json\/wp\/v2\/pages"}],"about":[{"href":"https:\/\/spira.ime.usp.br\/en\/wp-json\/wp\/v2\/types\/page"}],"author":[{"embeddable":true,"href":"https:\/\/spira.ime.usp.br\/en\/wp-json\/wp\/v2\/users\/1"}],"replies":[{"embeddable":true,"href":"https:\/\/spira.ime.usp.br\/en\/wp-json\/wp\/v2\/comments?post=389"}],"version-history":[{"count":1,"href":"https:\/\/spira.ime.usp.br\/en\/wp-json\/wp\/v2\/pages\/389\/revisions"}],"predecessor-version":[{"id":391,"href":"https:\/\/spira.ime.usp.br\/en\/wp-json\/wp\/v2\/pages\/389\/revisions\/391"}],"wp:attachment":[{"href":"https:\/\/spira.ime.usp.br\/en\/wp-json\/wp\/v2\/media?parent=389"}],"curies":[{"name":"wp","href":"https:\/\/api.w.org\/{rel}","templated":true}]}}