{"id":401,"date":"2025-09-29T22:48:12","date_gmt":"2025-09-30T01:48:12","guid":{"rendered":"https:\/\/spira.ime.usp.br\/?page_id=401"},"modified":"2025-09-29T22:48:13","modified_gmt":"2025-09-30T01:48:13","slug":"atividades-2","status":"publish","type":"page","link":"https:\/\/spira.ime.usp.br\/en\/atividades-2\/","title":{"rendered":"Activities"},"content":{"rendered":"<p>O SPIRA-BM desenvolve um conjunto de atividades cient\u00edficas, tecnol\u00f3gicas e institucionais que sustentam os objetivos do projeto e impulsionam a aplica\u00e7\u00e3o pr\u00e1tica de seus resultados. Essas a\u00e7\u00f5es envolvem desde a coleta de dados cl\u00ednicos e sonoros com pacientes, at\u00e9 o desenvolvimento de algoritmos, testes de valida\u00e7\u00e3o em ambientes hospitalares e a\u00e7\u00f5es de divulga\u00e7\u00e3o cient\u00edfica. O projeto \u00e9 conduzido por uma equipe multidisciplinar que atua de forma articulada entre universidades, centros de pesquisa e institui\u00e7\u00f5es de sa\u00fade.<\/p>\n\n\n\n<p>Entre as principais atividades, destacam-se o planejamento e execu\u00e7\u00e3o de estudos de campo, a cria\u00e7\u00e3o de ferramentas computacionais para an\u00e1lise de \u00e1udio respirat\u00f3rio, a participa\u00e7\u00e3o em eventos cient\u00edficos nacionais e internacionais, e a forma\u00e7\u00e3o de recursos humanos qualificados em \u00e1reas como ci\u00eancia de dados, engenharia de software e sa\u00fade coletiva. Al\u00e9m disso, o SPIRA-BM promove oficinas, reuni\u00f5es t\u00e9cnicas e iniciativas de engajamento com a comunidade acad\u00eamica e profissional, com o objetivo de compartilhar conhecimento e ampliar o impacto social da pesquisa.<\/p>","protected":false},"excerpt":{"rendered":"<p>O SPIRA-BM desenvolve um conjunto de atividades cient\u00edficas, tecnol\u00f3gicas e institucionais que sustentam os objetivos do projeto e<\/p>","protected":false},"author":1,"featured_media":0,"parent":0,"menu_order":0,"comment_status":"closed","ping_status":"closed","template":"","meta":{"footnotes":""},"class_list":["post-401","page","type-page","status-publish","hentry"],"_links":{"self":[{"href":"https:\/\/spira.ime.usp.br\/en\/wp-json\/wp\/v2\/pages\/401","targetHints":{"allow":["GET"]}}],"collection":[{"href":"https:\/\/spira.ime.usp.br\/en\/wp-json\/wp\/v2\/pages"}],"about":[{"href":"https:\/\/spira.ime.usp.br\/en\/wp-json\/wp\/v2\/types\/page"}],"author":[{"embeddable":true,"href":"https:\/\/spira.ime.usp.br\/en\/wp-json\/wp\/v2\/users\/1"}],"replies":[{"embeddable":true,"href":"https:\/\/spira.ime.usp.br\/en\/wp-json\/wp\/v2\/comments?post=401"}],"version-history":[{"count":1,"href":"https:\/\/spira.ime.usp.br\/en\/wp-json\/wp\/v2\/pages\/401\/revisions"}],"predecessor-version":[{"id":402,"href":"https:\/\/spira.ime.usp.br\/en\/wp-json\/wp\/v2\/pages\/401\/revisions\/402"}],"wp:attachment":[{"href":"https:\/\/spira.ime.usp.br\/en\/wp-json\/wp\/v2\/media?parent=401"}],"curies":[{"name":"wp","href":"https:\/\/api.w.org\/{rel}","templated":true}]}}