{"id":408,"date":"2025-09-29T22:54:18","date_gmt":"2025-09-30T01:54:18","guid":{"rendered":"https:\/\/spira.ime.usp.br\/?page_id=408"},"modified":"2025-11-19T09:55:21","modified_gmt":"2025-11-19T12:55:21","slug":"apoio-financeiro-2","status":"publish","type":"page","link":"https:\/\/spira.ime.usp.br\/en\/apoio-financeiro-2\/","title":{"rendered":"Media Coverage"},"content":{"rendered":"<p>Nesta se\u00e7\u00e3o, o SPIRA-BM apresenta conte\u00fados jornal\u00edsticos produzidos especialmente para aprofundar temas cient\u00edficos, sociais e tecnol\u00f3gicos relacionados ao projeto. As reportagens s\u00e3o desenvolvidas com base em entrevistas com pesquisadores, an\u00e1lises dos dados em desenvolvimento, contextualiza\u00e7\u00e3o com o cen\u00e1rio da sa\u00fade p\u00fablica brasileira e explica\u00e7\u00f5es acess\u00edveis sobre tecnologias como intelig\u00eancia artificial, biomarcadores e an\u00e1lise de voz.<br><\/p>\n\n\n\n<p><\/p>","protected":false},"excerpt":{"rendered":"<p>Nesta se\u00e7\u00e3o, o SPIRA-BM apresenta conte\u00fados jornal\u00edsticos produzidos especialmente para aprofundar temas cient\u00edficos, sociais e tecnol\u00f3gicos relacionados ao<\/p>","protected":false},"author":1,"featured_media":0,"parent":0,"menu_order":0,"comment_status":"closed","ping_status":"closed","template":"","meta":{"footnotes":""},"class_list":["post-408","page","type-page","status-publish","hentry"],"_links":{"self":[{"href":"https:\/\/spira.ime.usp.br\/en\/wp-json\/wp\/v2\/pages\/408","targetHints":{"allow":["GET"]}}],"collection":[{"href":"https:\/\/spira.ime.usp.br\/en\/wp-json\/wp\/v2\/pages"}],"about":[{"href":"https:\/\/spira.ime.usp.br\/en\/wp-json\/wp\/v2\/types\/page"}],"author":[{"embeddable":true,"href":"https:\/\/spira.ime.usp.br\/en\/wp-json\/wp\/v2\/users\/1"}],"replies":[{"embeddable":true,"href":"https:\/\/spira.ime.usp.br\/en\/wp-json\/wp\/v2\/comments?post=408"}],"version-history":[{"count":2,"href":"https:\/\/spira.ime.usp.br\/en\/wp-json\/wp\/v2\/pages\/408\/revisions"}],"predecessor-version":[{"id":693,"href":"https:\/\/spira.ime.usp.br\/en\/wp-json\/wp\/v2\/pages\/408\/revisions\/693"}],"wp:attachment":[{"href":"https:\/\/spira.ime.usp.br\/en\/wp-json\/wp\/v2\/media?parent=408"}],"curies":[{"name":"wp","href":"https:\/\/api.w.org\/{rel}","templated":true}]}}