{"id":423,"date":"2025-09-29T23:04:03","date_gmt":"2025-09-30T02:04:03","guid":{"rendered":"https:\/\/spira.ime.usp.br\/?page_id=423"},"modified":"2025-10-30T15:46:37","modified_gmt":"2025-10-30T18:46:37","slug":"contato-2","status":"publish","type":"page","link":"https:\/\/spira.ime.usp.br\/en\/contato-2\/","title":{"rendered":"Contact"},"content":{"rendered":"<p>Profissionais de imprensa e interessados em informa\u00e7\u00f5es sobre o <strong>projeto tem\u00e1tico SPIRA-BM<\/strong> podem entrar em contato com o jornalista respons\u00e1vel pela comunica\u00e7\u00e3o do projeto.<\/p>\n\n\n\n<p><strong>Rafael Rangel Winch<\/strong><br>Bolsista em Jornalismo Cient\u00edfico \u2013 FAPESP<br>\ud83d\udce7 <strong><a>rangelrafael@usp.br<\/a><\/strong><br>\ud83d\udcde <strong>+55 11 99999-8586<\/strong><\/p>\n\n\n\n<p>Para solicita\u00e7\u00f5es de entrevistas, materiais de divulga\u00e7\u00e3o ou informa\u00e7\u00f5es institucionais sobre o SPIRA-BM, entre em contato por e-mail ou telefone.<\/p>\n\n\n\n<p><\/p>","protected":false},"excerpt":{"rendered":"<p>Profissionais de imprensa e interessados em informa\u00e7\u00f5es sobre o projeto tem\u00e1tico SPIRA-BM podem entrar em contato com o<\/p>","protected":false},"author":1,"featured_media":0,"parent":0,"menu_order":0,"comment_status":"closed","ping_status":"closed","template":"","meta":{"footnotes":""},"class_list":["post-423","page","type-page","status-publish","hentry"],"_links":{"self":[{"href":"https:\/\/spira.ime.usp.br\/en\/wp-json\/wp\/v2\/pages\/423","targetHints":{"allow":["GET"]}}],"collection":[{"href":"https:\/\/spira.ime.usp.br\/en\/wp-json\/wp\/v2\/pages"}],"about":[{"href":"https:\/\/spira.ime.usp.br\/en\/wp-json\/wp\/v2\/types\/page"}],"author":[{"embeddable":true,"href":"https:\/\/spira.ime.usp.br\/en\/wp-json\/wp\/v2\/users\/1"}],"replies":[{"embeddable":true,"href":"https:\/\/spira.ime.usp.br\/en\/wp-json\/wp\/v2\/comments?post=423"}],"version-history":[{"count":3,"href":"https:\/\/spira.ime.usp.br\/en\/wp-json\/wp\/v2\/pages\/423\/revisions"}],"predecessor-version":[{"id":653,"href":"https:\/\/spira.ime.usp.br\/en\/wp-json\/wp\/v2\/pages\/423\/revisions\/653"}],"wp:attachment":[{"href":"https:\/\/spira.ime.usp.br\/en\/wp-json\/wp\/v2\/media?parent=423"}],"curies":[{"name":"wp","href":"https:\/\/api.w.org\/{rel}","templated":true}]}}