{"id":618,"date":"2025-10-09T15:04:52","date_gmt":"2025-10-09T18:04:52","guid":{"rendered":"https:\/\/spira.ime.usp.br\/?page_id=618"},"modified":"2025-11-19T09:53:10","modified_gmt":"2025-11-19T12:53:10","slug":"programas","status":"publish","type":"page","link":"https:\/\/spira.ime.usp.br\/en\/programas\/","title":{"rendered":"Associated Institutions"},"content":{"rendered":"<p>Instituto de Matem\u00e1tica e Estat\u00edstica da USP (<strong>IME USP<\/strong>)<\/p>\n\n\n\n<p>Instituto de Ci\u00eancias Matem\u00e1ticas e de Computa\u00e7\u00e3o da USP (<strong>ICMC USP S\u00e3o Carlos<\/strong>)<\/p>\n\n\n\n<p>Faculdade de Filosofia, Letras e Ci\u00eancias Humanas da USP (<strong>FFLCH USP<\/strong>)<\/p>\n\n\n\n<p>Faculdade de Medicina da USP (<strong>MEDICINA USP<\/strong>)<\/p>\n\n\n\n<p>Universidade Estadual Paulista &#8220;J\u00falio de Mesquita Filho&#8221; (<strong>UNESP<\/strong>)<\/p>\n\n\n\n<p>Universidade Federal de Pernambuco (<strong>UFPE<\/strong>)<\/p>\n\n\n\n<p>Universidade Estadual da Para\u00edba (<strong>UEPB<\/strong>)<\/p>\n\n\n\n<p>Universidade Presbiteriana Mackenzie (<strong>UPM<\/strong>)<\/p>\n\n\n\n<p>Benefic\u00eancia Portuguesa de S\u00e3o Paulo (<strong>BP<\/strong>)<\/p>\n\n\n\n<p><\/p>\n\n\n\n<p class=\"has-medium-font-size\"><strong>Apoio financeiro<\/strong><\/p>\n\n\n\n<p>O projeto SPIRA-BM conta com apoio financeiro da&nbsp;<strong>Funda\u00e7\u00e3o de Amparo \u00e0 Pesquisa do Estado de S\u00e3o Paulo (FAPESP)<\/strong>, por meio da modalidade&nbsp;<strong>Projeto Tem\u00e1tico<\/strong>, que fomenta pesquisas de longa dura\u00e7\u00e3o, com articula\u00e7\u00e3o entre grupos consolidados e foco na produ\u00e7\u00e3o de conhecimento de alto impacto cient\u00edfico e social. O financiamento foi concedido a partir de uma avalia\u00e7\u00e3o rigorosa, que considerou tanto a relev\u00e2ncia do tema quanto a excel\u00eancia da equipe envolvida.<\/p>\n\n\n\n<p>A proposta d\u00e1 continuidade \u00e0s investiga\u00e7\u00f5es iniciadas no projeto SPIRA (Processo FAPESP 2020\/06443-5), voltado \u00e0 detec\u00e7\u00e3o de insufici\u00eancia respirat\u00f3ria por meio da an\u00e1lise de \u00e1udio em dispositivos m\u00f3veis. Com o apoio renovado da FAPESP, o SPIRA-BM amplia seus objetivos cient\u00edficos e tecnol\u00f3gicos, incorporando novas \u00e1reas de estudo e consolidando uma rede multidisciplinar de pesquisa. O financiamento garante recursos para bolsas, equipamentos, desenvolvimento de sistemas e atividades de campo, al\u00e9m de possibilitar a difus\u00e3o dos resultados por meio de publica\u00e7\u00f5es e eventos cient\u00edficos.<\/p>","protected":false},"excerpt":{"rendered":"<p>Instituto de Matem\u00e1tica e Estat\u00edstica da USP (IME USP) Instituto de Ci\u00eancias Matem\u00e1ticas e de Computa\u00e7\u00e3o da USP<\/p>","protected":false},"author":1,"featured_media":0,"parent":0,"menu_order":0,"comment_status":"closed","ping_status":"closed","template":"","meta":{"footnotes":""},"class_list":["post-618","page","type-page","status-publish","hentry"],"_links":{"self":[{"href":"https:\/\/spira.ime.usp.br\/en\/wp-json\/wp\/v2\/pages\/618","targetHints":{"allow":["GET"]}}],"collection":[{"href":"https:\/\/spira.ime.usp.br\/en\/wp-json\/wp\/v2\/pages"}],"about":[{"href":"https:\/\/spira.ime.usp.br\/en\/wp-json\/wp\/v2\/types\/page"}],"author":[{"embeddable":true,"href":"https:\/\/spira.ime.usp.br\/en\/wp-json\/wp\/v2\/users\/1"}],"replies":[{"embeddable":true,"href":"https:\/\/spira.ime.usp.br\/en\/wp-json\/wp\/v2\/comments?post=618"}],"version-history":[{"count":5,"href":"https:\/\/spira.ime.usp.br\/en\/wp-json\/wp\/v2\/pages\/618\/revisions"}],"predecessor-version":[{"id":692,"href":"https:\/\/spira.ime.usp.br\/en\/wp-json\/wp\/v2\/pages\/618\/revisions\/692"}],"wp:attachment":[{"href":"https:\/\/spira.ime.usp.br\/en\/wp-json\/wp\/v2\/media?parent=618"}],"curies":[{"name":"wp","href":"https:\/\/api.w.org\/{rel}","templated":true}]}}